{"id":29301,"date":"2021-09-29T11:13:24","date_gmt":"2021-09-29T11:13:24","guid":{"rendered":"https:\/\/mimikri.tasam.org\/?page_id=29301"},"modified":"2021-10-23T10:37:11","modified_gmt":"2021-10-23T07:37:11","slug":"vizyon","status":"publish","type":"page","link":"https:\/\/mimikri.tasam.org\/en\/vizyon\/","title":{"rendered":"Vision"},"content":{"rendered":"<p>[et_pb_section fb_built=&#8221;1&#8243; specialty=&#8221;on&#8221; padding_top_bottom_link_1=&#8221;false&#8221; padding_top_bottom_link_2=&#8221;false&#8221; padding_left_right_link_1=&#8221;false&#8221; padding_left_right_link_2=&#8221;false&#8221; padding_top_1=&#8221;50px&#8221; padding_bottom_1=&#8221;30px&#8221; padding_bottom_2=&#8221;0px&#8221; padding_1_tablet=&#8221;0px||0px||true|false&#8221; padding_1_phone=&#8221;&#8221; padding_1_last_edited=&#8221;on|phone&#8221; admin_label=&#8221;Header&#8221; _builder_version=&#8221;4.3.2&#8243; background_color=&#8221;#f8f9fa&#8221; custom_padding=&#8221;||0px||false|false&#8221; locked=&#8221;off&#8221; global_colors_info=&#8221;{}&#8221;][et_pb_column type=&#8221;1_2&#8243; specialty_columns=&#8221;2&#8243; _builder_version=&#8221;3.25&#8243; custom_padding=&#8221;|||&#8221; global_colors_info=&#8221;{}&#8221; custom_padding__hover=&#8221;|||&#8221;][et_pb_row_inner _builder_version=&#8221;4.3.2&#8243; custom_margin=&#8221;||||false|false&#8221; custom_margin_last_edited=&#8221;off|tablet&#8221; global_colors_info=&#8221;{}&#8221;][et_pb_column_inner saved_specialty_column_type=&#8221;1_2&#8243; _builder_version=&#8221;4.2.2&#8243; global_colors_info=&#8221;{}&#8221;][et_pb_divider color=&#8221;#f9ce6e&#8221; divider_position=&#8221;center&#8221; divider_weight=&#8221;1px&#8221; _builder_version=&#8221;4.3.2&#8243; width=&#8221;120px&#8221; height=&#8221;7px&#8221; box_shadow_style=&#8221;preset7&#8243; box_shadow_horizontal=&#8221;40px&#8221; box_shadow_vertical=&#8221;0px&#8221; box_shadow_color=&#8221;#f9ce6e&#8221; global_module=&#8221;29270&#8243; saved_tabs=&#8221;all&#8221; locked=&#8221;off&#8221; global_colors_info=&#8221;{}&#8221;][\/et_pb_divider][et_pb_text admin_label=&#8221;Ba\u015fl\u0131k Metin 1&#8243; _builder_version=&#8221;4.11.4&#8243; header_4_font=&#8221;PT Sans|700||on|||||&#8221; header_4_text_color=&#8221;#ffc107&#8243; header_4_font_size=&#8221;11px&#8221; header_4_letter_spacing=&#8221;1px&#8221; custom_margin=&#8221;-38px|||130px|false|false&#8221; custom_padding=&#8221;||||false|false&#8221; global_module=&#8221;29266&#8243; saved_tabs=&#8221;all&#8221; locked=&#8221;off&#8221; global_colors_info=&#8221;{}&#8221;]<\/p>\n<h4>MIMICRY INSTITUTE<\/h4>\n<p>[\/et_pb_text][et_pb_text admin_label=&#8221;Ba\u015fl\u0131k Metin 2&#8243; _builder_version=&#8221;4.11.4&#8243; text_font=&#8221;PT Sans||||||||&#8221; text_font_size=&#8221;16px&#8221; text_line_height=&#8221;1.8em&#8221; header_font=&#8221;Playfair Display|700||on|||||&#8221; header_font_size=&#8221;60px&#8221; header_line_height=&#8221;2em&#8221; hover_enabled=&#8221;0&#8243; header_font_size_tablet=&#8221;40px&#8221; header_font_size_phone=&#8221;36px&#8221; header_font_size_last_edited=&#8221;on|desktop&#8221; global_module=&#8221;29268&#8243; saved_tabs=&#8221;all&#8221; global_colors_info=&#8221;{}&#8221; sticky_enabled=&#8221;0&#8243;]<\/p>\n<h1>Vision<\/h1>\n<p>Scientists and experts from the professions such as management, business and organization have already started to show more interest in this <strong>biomimicry<\/strong> concept, due to the fact that the recent studies around it provide very effective results in design, engineering and especially in innovative product development processes.<\/p>\n<p>As strategist Giles Hutchins stated, conventional management and leadership rules are often ineffective in dealing with rapidly increasing political uncertainty, climate change, hyper-stress and disruptive technologies. So, as the importance of adaptation and innovation for businesses increases, there should be a paradigm shift from mechanical systems to those living ones. Hutchins considers that the <strong>mechanical<\/strong> and <strong>hierarchical<\/strong> systems based on the data such as optimization and effectiveness are ineffective in the current chaotic circumstances, so it is essential to construct other systems based on dynamic models of sophisticated relationships or biological networks, which can readily be observed in countless examples in nature and life itself.<\/p>\n<p>&nbsp;<\/p>\n<p>[\/et_pb_text][\/et_pb_column_inner][\/et_pb_row_inner][et_pb_row_inner column_structure=&#8221;1_2,1_2&#8243; use_custom_gutter=&#8221;on&#8221; gutter_width=&#8221;2&#8243; admin_label=&#8221;D\u00fc\u011fmeler&#8221; _builder_version=&#8221;4.11.3&#8243; width=&#8221;300px&#8221; max_width=&#8221;300px&#8221; custom_margin=&#8221;0px|0px|0px|0px|true|true&#8221; custom_margin_tablet=&#8221;-30px||||false|false&#8221; custom_margin_last_edited=&#8221;off|desktop&#8221; custom_padding=&#8221;0px|0px|0px|0px|true|true&#8221; custom_css_main_element=&#8221;display:flex;&#8221; global_module=&#8221;29263&#8243; saved_tabs=&#8221;all&#8221; global_colors_info=&#8221;{}&#8221;][et_pb_column_inner type=&#8221;1_2&#8243; _builder_version=&#8221;4.3.2&#8243; global_colors_info=&#8221;{}&#8221;][et_pb_button button_url=&#8221;@ET-DC@eyJkeW5hbWljIjp0cnVlLCJjb250ZW50IjoiaG9tZV91cmwiLCJzZXR0aW5ncyI6e319@&#8221; button_text=&#8221;Homepage&#8221; _builder_version=&#8221;4.11.4&#8243; _dynamic_attributes=&#8221;button_url&#8221; custom_button=&#8221;on&#8221; button_text_size=&#8221;12px&#8221; button_text_color=&#8221;#ffffff&#8221; button_bg_color=&#8221;#007aff&#8221; button_border_width=&#8221;0px&#8221; button_border_radius=&#8221;100px&#8221; button_letter_spacing=&#8221;2px&#8221; button_font=&#8221;PT Sans|900||on|||||&#8221; button_use_icon=&#8221;off&#8221; custom_margin_tablet=&#8221;40px||40px||true|false&#8221; custom_margin_last_edited=&#8221;off|tablet&#8221; custom_padding=&#8221;20px|35px|20px|35px|true|true&#8221; box_shadow_style=&#8221;preset3&#8243; box_shadow_blur=&#8221;28px&#8221; box_shadow_spread=&#8221;-10px&#8221; box_shadow_color=&#8221;rgba(0,122,255,0.33)&#8221; locked=&#8221;off&#8221; global_colors_info=&#8221;{}&#8221; box_shadow_color__hover=&#8221;#2585b2&#8243; box_shadow_blur__hover_enabled=&#8221;off&#8221; box_shadow_blur__hover=&#8221;20px&#8221; box_shadow_vertical__hover_enabled=&#8221;off&#8221; box_shadow_vertical__hover=&#8221;10px&#8221;][\/et_pb_button][\/et_pb_column_inner][et_pb_column_inner type=&#8221;1_2&#8243; _builder_version=&#8221;4.3.2&#8243; global_colors_info=&#8221;{}&#8221;][et_pb_button button_url=&#8221;@ET-DC@eyJkeW5hbWljIjp0cnVlLCJjb250ZW50IjoicG9zdF9saW5rX3VybF9wYWdlIiwic2V0dGluZ3MiOnsicG9zdF9pZCI6IjI5NDEzIn19@&#8221; button_text=&#8221;Contact&#8221; _builder_version=&#8221;4.11.4&#8243; _dynamic_attributes=&#8221;button_url&#8221; custom_button=&#8221;on&#8221; button_text_size=&#8221;12px&#8221; button_text_color=&#8221;#ffffff&#8221; button_bg_color=&#8221;#2A3749&#8243; button_border_width=&#8221;0px&#8221; button_border_radius=&#8221;100px&#8221; button_letter_spacing=&#8221;2px&#8221; button_font=&#8221;PT Sans|900||on|||||&#8221; button_use_icon=&#8221;off&#8221; custom_margin=&#8221;||||false|false&#8221; custom_margin_tablet=&#8221;40px||40px|0px|true|false&#8221; custom_margin_last_edited=&#8221;off|desktop&#8221; custom_padding=&#8221;20px|35px|20px|35px|true|true&#8221; locked=&#8221;off&#8221; global_colors_info=&#8221;{}&#8221; box_shadow_color__hover=&#8221;#2585b2&#8243; box_shadow_blur__hover_enabled=&#8221;off&#8221; box_shadow_blur__hover=&#8221;20px&#8221; box_shadow_vertical__hover_enabled=&#8221;off&#8221; box_shadow_vertical__hover=&#8221;10px&#8221;][\/et_pb_button][\/et_pb_column_inner][\/et_pb_row_inner][\/et_pb_column][et_pb_column type=&#8221;1_2&#8243; _builder_version=&#8221;3.25&#8243; custom_padding=&#8221;|||&#8221; global_colors_info=&#8221;{}&#8221; custom_padding__hover=&#8221;|||&#8221;][et_pb_image src=&#8221;https:\/\/mimikri.tasam.org\/wp-content\/uploads\/2021\/10\/Vizyon.png&#8221; title_text=&#8221;Misyon&#8221; align=&#8221;center&#8221; _builder_version=&#8221;4.11.3&#8243; max_height_tablet=&#8221;400px&#8221; max_height_phone=&#8221;&#8221; max_height_last_edited=&#8221;on|tablet&#8221; custom_margin=&#8221;|-10vw|0px||false|false&#8221; global_module=&#8221;29264&#8243; saved_tabs=&#8221;all&#8221; global_colors_info=&#8221;{}&#8221;][\/et_pb_image][\/et_pb_column][\/et_pb_section][et_pb_section fb_built=&#8221;1&#8243; admin_label=&#8221;Footer&#8221; _builder_version=&#8221;4.10.8&#8243; background_image=&#8221;https:\/\/mimikri.tasam.org\/wp-content\/uploads\/2021\/10\/Tutoring-Service_Footer-copy.png&#8221; background_size=&#8221;contain&#8221; background_position=&#8221;bottom_center&#8221; custom_padding=&#8221;5vw||16vw||false|false&#8221; locked=&#8221;off&#8221; global_colors_info=&#8221;{}&#8221;][et_pb_row custom_padding_last_edited=&#8221;on|tablet&#8221; _builder_version=&#8221;4.10.8&#8243; background_enable_image=&#8221;off&#8221; background_size=&#8221;contain&#8221; custom_padding_tablet=&#8221;10px|40px|10px|40px|true|true&#8221; custom_padding_phone=&#8221;0px|0px|0px|0px|true|true&#8221; global_colors_info=&#8221;{}&#8221;][et_pb_column type=&#8221;4_4&#8243; _builder_version=&#8221;4.0.8&#8243; global_colors_info=&#8221;{}&#8221;][et_pb_text admin_label=&#8221;G\u00f6vde Metin&#8221; _builder_version=&#8221;4.11.4&#8243; text_font=&#8221;PT Sans||||||||&#8221; text_font_size=&#8221;15px&#8221; text_line_height=&#8221;1.9em&#8221; header_2_font=&#8221;Playfair Display|700|||||||&#8221; header_2_text_color=&#8221;#2a3749&#8243; header_2_font_size=&#8221;50px&#8221; header_2_line_height=&#8221;1.3em&#8221; text_orientation=&#8221;justified&#8221; max_width=&#8221;100%&#8221; module_alignment=&#8221;center&#8221; hover_enabled=&#8221;0&#8243; header_2_font_size_tablet=&#8221;32px&#8221; header_2_font_size_phone=&#8221;24px&#8221; header_2_font_size_last_edited=&#8221;on|phone&#8221; global_module=&#8221;29271&#8243; saved_tabs=&#8221;all&#8221; locked=&#8221;off&#8221; global_colors_info=&#8221;{}&#8221; sticky_enabled=&#8221;0&#8243;]<\/p>\n<p>Given the characteristics of today&#8217;s successful managers, it is seen that they are expected to manage many serious and unexpected changes at the same time. The operability of existing leadership and management methods has become more questionable as the severity and scope of these overwhelming changes enlarge. Additionally, there has been a growing need for businesses and organizations to shift to inter-relational and adaptable systems inspired by nature in harmony with the laws imposed upon the life on earth by nature itself. There still remains a need for discovery, perhaps with biomimicry, which makes it possible for organizations both to create value and to make profit without doing any harm caused by fierce competition, and maintain their business life by taking inspiration from nature and prioritizing the humanity rather than economic growth.<\/p>\n<p>In an ideal society, with a learning culture driven by high expectations, all individuals are expected to play a full part, think, question, research and produce. However, for this idealistic vision, they need to access an education system that encourages them to learn, question, research, produce and innovate, and that allow each of them to discover their interests and skills and improve them. <strong>Biomimicry<\/strong>, as a branch of science or an academic discipline, may help the individuals to develop their creativity and innovative thinking, which are the parts of the necessary skills for 21st century, by bringing them closer to nature and encouraging them to understand it from a different perspective.<\/p>\n<p>The incorporation of biomimicry courses into the school curriculum along with the <strong>STEM (science, technology, engineering, and mathematics)<\/strong>, which has become quite widespread in modern schools, will have a significant contribution to awareness building among the next generations as part of the efforts for a scientific and technological edge.<\/p>\n<p>[\/et_pb_text][et_pb_button button_url=&#8221;@ET-DC@eyJkeW5hbWljIjp0cnVlLCJjb250ZW50IjoiaG9tZV91cmwiLCJzZXR0aW5ncyI6e319@&#8221; button_text=&#8221;Homepage&#8221; button_alignment=&#8221;center&#8221; admin_label=&#8221;G\u00f6vde D\u00fc\u011fme&#8221; _builder_version=&#8221;4.11.4&#8243; _dynamic_attributes=&#8221;button_url&#8221; custom_button=&#8221;on&#8221; button_text_size=&#8221;12px&#8221; button_text_color=&#8221;#ffffff&#8221; button_bg_color=&#8221;#007aff&#8221; button_border_width=&#8221;0px&#8221; button_border_radius=&#8221;100px&#8221; button_letter_spacing=&#8221;2px&#8221; button_font=&#8221;PT Sans|900||on|||||&#8221; button_use_icon=&#8221;off&#8221; custom_margin=&#8221;||40px||false|false&#8221; custom_padding=&#8221;20px|30px|20px|30px|true|true&#8221; box_shadow_style=&#8221;preset3&#8243; box_shadow_blur=&#8221;28px&#8221; box_shadow_spread=&#8221;-10px&#8221; box_shadow_color=&#8221;rgba(0,122,255,0.33)&#8221; global_module=&#8221;29274&#8243; saved_tabs=&#8221;all&#8221; locked=&#8221;off&#8221; global_colors_info=&#8221;{}&#8221; box_shadow_color__hover=&#8221;#2585b2&#8243; box_shadow_blur__hover_enabled=&#8221;off&#8221; box_shadow_blur__hover=&#8221;20px&#8221; box_shadow_vertical__hover_enabled=&#8221;off&#8221; box_shadow_vertical__hover=&#8221;10px&#8221;][\/et_pb_button][\/et_pb_column][\/et_pb_row][\/et_pb_section]<\/p>\n","protected":false},"excerpt":{"rendered":"<p>Scientists and experts from the professions such as management, business and organization have already started to show more interest in this biomimicry concept, due to the fact that the recent studies around it provide very effective results in design, engineering and especially in innovative product development processes. <\/p>\n","protected":false},"author":1,"featured_media":0,"parent":0,"menu_order":40,"comment_status":"closed","ping_status":"closed","template":"","meta":{"_et_pb_use_builder":"on","_et_pb_old_content":"","_et_gb_content_width":""},"_links":{"self":[{"href":"https:\/\/mimikri.tasam.org\/en\/wp-json\/wp\/v2\/pages\/29301"}],"collection":[{"href":"https:\/\/mimikri.tasam.org\/en\/wp-json\/wp\/v2\/pages"}],"about":[{"href":"https:\/\/mimikri.tasam.org\/en\/wp-json\/wp\/v2\/types\/page"}],"author":[{"embeddable":true,"href":"https:\/\/mimikri.tasam.org\/en\/wp-json\/wp\/v2\/users\/1"}],"replies":[{"embeddable":true,"href":"https:\/\/mimikri.tasam.org\/en\/wp-json\/wp\/v2\/comments?post=29301"}],"version-history":[{"count":2,"href":"https:\/\/mimikri.tasam.org\/en\/wp-json\/wp\/v2\/pages\/29301\/revisions"}],"predecessor-version":[{"id":29446,"href":"https:\/\/mimikri.tasam.org\/en\/wp-json\/wp\/v2\/pages\/29301\/revisions\/29446"}],"wp:attachment":[{"href":"https:\/\/mimikri.tasam.org\/en\/wp-json\/wp\/v2\/media?parent=29301"}],"curies":[{"name":"wp","href":"https:\/\/api.w.org\/{rel}","templated":true}]}}