{"id":29309,"date":"2021-09-29T11:16:59","date_gmt":"2021-09-29T11:16:59","guid":{"rendered":"https:\/\/mimikri.tasam.org\/?page_id=29309"},"modified":"2021-10-23T10:40:04","modified_gmt":"2021-10-23T07:40:04","slug":"enstitu","status":"publish","type":"page","link":"https:\/\/mimikri.tasam.org\/en\/enstitu\/","title":{"rendered":"Institute"},"content":{"rendered":"<p>[et_pb_section fb_built=&#8221;1&#8243; specialty=&#8221;on&#8221; padding_top_bottom_link_1=&#8221;false&#8221; padding_top_bottom_link_2=&#8221;false&#8221; padding_left_right_link_1=&#8221;false&#8221; padding_left_right_link_2=&#8221;false&#8221; padding_top_1=&#8221;50px&#8221; padding_bottom_1=&#8221;30px&#8221; padding_bottom_2=&#8221;0px&#8221; padding_1_tablet=&#8221;0px||0px||true|false&#8221; padding_1_phone=&#8221;&#8221; padding_1_last_edited=&#8221;on|phone&#8221; admin_label=&#8221;Header&#8221; _builder_version=&#8221;4.3.2&#8243; background_color=&#8221;#f8f9fa&#8221; custom_padding=&#8221;||0px||false|false&#8221; locked=&#8221;off&#8221; global_colors_info=&#8221;{}&#8221;][et_pb_column type=&#8221;1_2&#8243; specialty_columns=&#8221;2&#8243; _builder_version=&#8221;3.25&#8243; custom_padding=&#8221;|||&#8221; global_colors_info=&#8221;{}&#8221; custom_padding__hover=&#8221;|||&#8221;][et_pb_row_inner _builder_version=&#8221;4.3.2&#8243; custom_margin=&#8221;||||false|false&#8221; custom_margin_last_edited=&#8221;off|tablet&#8221; global_colors_info=&#8221;{}&#8221;][et_pb_column_inner saved_specialty_column_type=&#8221;1_2&#8243; _builder_version=&#8221;4.2.2&#8243; global_colors_info=&#8221;{}&#8221;][et_pb_divider color=&#8221;#f9ce6e&#8221; divider_position=&#8221;center&#8221; divider_weight=&#8221;1px&#8221; _builder_version=&#8221;4.3.2&#8243; width=&#8221;120px&#8221; height=&#8221;7px&#8221; box_shadow_style=&#8221;preset7&#8243; box_shadow_horizontal=&#8221;40px&#8221; box_shadow_vertical=&#8221;0px&#8221; box_shadow_color=&#8221;#f9ce6e&#8221; global_module=&#8221;29270&#8243; saved_tabs=&#8221;all&#8221; locked=&#8221;off&#8221; global_colors_info=&#8221;{}&#8221;][\/et_pb_divider][et_pb_text admin_label=&#8221;Ba\u015fl\u0131k Metin 1&#8243; _builder_version=&#8221;4.11.4&#8243; header_4_font=&#8221;PT Sans|700||on|||||&#8221; header_4_text_color=&#8221;#ffc107&#8243; header_4_font_size=&#8221;11px&#8221; header_4_letter_spacing=&#8221;1px&#8221; custom_margin=&#8221;-38px|||130px|false|false&#8221; custom_padding=&#8221;||||false|false&#8221; global_module=&#8221;29266&#8243; saved_tabs=&#8221;all&#8221; locked=&#8221;off&#8221; global_colors_info=&#8221;{}&#8221;]<\/p>\n<h4>MIMICRY INSTITUTE<\/h4>\n<p>[\/et_pb_text][et_pb_text admin_label=&#8221;Ba\u015fl\u0131k Metin 2&#8243; _builder_version=&#8221;4.11.4&#8243; text_font=&#8221;PT Sans||||||||&#8221; text_font_size=&#8221;16px&#8221; text_line_height=&#8221;1.8em&#8221; header_font=&#8221;Playfair Display|700||on|||||&#8221; header_font_size=&#8221;60px&#8221; header_line_height=&#8221;2em&#8221; hover_enabled=&#8221;0&#8243; header_font_size_tablet=&#8221;40px&#8221; header_font_size_phone=&#8221;36px&#8221; header_font_size_last_edited=&#8221;on|desktop&#8221; global_module=&#8221;29268&#8243; saved_tabs=&#8221;all&#8221; global_colors_info=&#8221;{}&#8221; sticky_enabled=&#8221;0&#8243;]<\/p>\n<h1>Institute<\/h1>\n<p><strong>A Mimicry Institute<\/strong> is established as a first of its kind in our country not only to contribute to relevant national scientific or sectoral innovative efforts at collaborative events and meetings, but also to study and research about huge high-quality added value potential of biomimicry in all areas of life from innovation to recycling, from creativity to sustainability, from design to arts, from research to development, from production to marketing, from education to health, from transportation to defense and from management to strategy.<\/p>\n<p>The Institute, which is an initiative by<strong> TASAM Turkish Asian Center for Strategic Studies<\/strong>, will begin its works by a team of experts with a competitive edge, including academics, designers\/engineers and strategists in &#8220;<strong>biomimicry<\/strong>&#8221; and further expand its fields of work to the degree which it will be include science, arts, industry, business groups and public organizations.<\/p>\n<p>&nbsp;<\/p>\n<p>[\/et_pb_text][\/et_pb_column_inner][\/et_pb_row_inner][et_pb_row_inner column_structure=&#8221;1_2,1_2&#8243; use_custom_gutter=&#8221;on&#8221; gutter_width=&#8221;2&#8243; admin_label=&#8221;D\u00fc\u011fmeler&#8221; _builder_version=&#8221;4.11.3&#8243; width=&#8221;300px&#8221; max_width=&#8221;300px&#8221; custom_margin=&#8221;0px|0px|0px|0px|true|true&#8221; custom_margin_tablet=&#8221;-30px||||false|false&#8221; custom_margin_last_edited=&#8221;off|desktop&#8221; custom_padding=&#8221;0px|0px|0px|0px|true|true&#8221; custom_css_main_element=&#8221;display:flex;&#8221; global_module=&#8221;29263&#8243; saved_tabs=&#8221;all&#8221; global_colors_info=&#8221;{}&#8221;][et_pb_column_inner type=&#8221;1_2&#8243; _builder_version=&#8221;4.3.2&#8243; global_colors_info=&#8221;{}&#8221;][et_pb_button button_url=&#8221;@ET-DC@eyJkeW5hbWljIjp0cnVlLCJjb250ZW50IjoiaG9tZV91cmwiLCJzZXR0aW5ncyI6e319@&#8221; button_text=&#8221;Homepage&#8221; _builder_version=&#8221;4.11.4&#8243; _dynamic_attributes=&#8221;button_url&#8221; custom_button=&#8221;on&#8221; button_text_size=&#8221;12px&#8221; button_text_color=&#8221;#ffffff&#8221; button_bg_color=&#8221;#007aff&#8221; button_border_width=&#8221;0px&#8221; button_border_radius=&#8221;100px&#8221; button_letter_spacing=&#8221;2px&#8221; button_font=&#8221;PT Sans|900||on|||||&#8221; button_use_icon=&#8221;off&#8221; custom_margin_tablet=&#8221;40px||40px||true|false&#8221; custom_margin_last_edited=&#8221;off|tablet&#8221; custom_padding=&#8221;20px|35px|20px|35px|true|true&#8221; box_shadow_style=&#8221;preset3&#8243; box_shadow_blur=&#8221;28px&#8221; box_shadow_spread=&#8221;-10px&#8221; box_shadow_color=&#8221;rgba(0,122,255,0.33)&#8221; locked=&#8221;off&#8221; global_colors_info=&#8221;{}&#8221; box_shadow_color__hover=&#8221;#2585b2&#8243; box_shadow_blur__hover_enabled=&#8221;off&#8221; box_shadow_blur__hover=&#8221;20px&#8221; box_shadow_vertical__hover_enabled=&#8221;off&#8221; box_shadow_vertical__hover=&#8221;10px&#8221;][\/et_pb_button][\/et_pb_column_inner][et_pb_column_inner type=&#8221;1_2&#8243; _builder_version=&#8221;4.3.2&#8243; global_colors_info=&#8221;{}&#8221;][et_pb_button button_url=&#8221;@ET-DC@eyJkeW5hbWljIjp0cnVlLCJjb250ZW50IjoicG9zdF9saW5rX3VybF9wYWdlIiwic2V0dGluZ3MiOnsicG9zdF9pZCI6IjI5NDEzIn19@&#8221; button_text=&#8221;Contact&#8221; _builder_version=&#8221;4.11.4&#8243; _dynamic_attributes=&#8221;button_url&#8221; custom_button=&#8221;on&#8221; button_text_size=&#8221;12px&#8221; button_text_color=&#8221;#ffffff&#8221; button_bg_color=&#8221;#2A3749&#8243; button_border_width=&#8221;0px&#8221; button_border_radius=&#8221;100px&#8221; button_letter_spacing=&#8221;2px&#8221; button_font=&#8221;PT Sans|900||on|||||&#8221; button_use_icon=&#8221;off&#8221; custom_margin=&#8221;||||false|false&#8221; custom_margin_tablet=&#8221;40px||40px|0px|true|false&#8221; custom_margin_last_edited=&#8221;off|desktop&#8221; custom_padding=&#8221;20px|35px|20px|35px|true|true&#8221; locked=&#8221;off&#8221; global_colors_info=&#8221;{}&#8221; box_shadow_color__hover=&#8221;#2585b2&#8243; box_shadow_blur__hover_enabled=&#8221;off&#8221; box_shadow_blur__hover=&#8221;20px&#8221; box_shadow_vertical__hover_enabled=&#8221;off&#8221; box_shadow_vertical__hover=&#8221;10px&#8221;][\/et_pb_button][\/et_pb_column_inner][\/et_pb_row_inner][\/et_pb_column][et_pb_column type=&#8221;1_2&#8243; _builder_version=&#8221;3.25&#8243; custom_padding=&#8221;|||&#8221; global_colors_info=&#8221;{}&#8221; custom_padding__hover=&#8221;|||&#8221;][et_pb_image src=&#8221;https:\/\/mimikri.tasam.org\/wp-content\/uploads\/2021\/10\/Enstitu.png&#8221; title_text=&#8221;Misyon&#8221; align=&#8221;center&#8221; _builder_version=&#8221;4.11.3&#8243; max_height_tablet=&#8221;400px&#8221; max_height_phone=&#8221;&#8221; max_height_last_edited=&#8221;on|tablet&#8221; custom_margin=&#8221;|-10vw|0px||false|false&#8221; global_module=&#8221;29264&#8243; saved_tabs=&#8221;all&#8221; global_colors_info=&#8221;{}&#8221;][\/et_pb_image][\/et_pb_column][\/et_pb_section][et_pb_section fb_built=&#8221;1&#8243; admin_label=&#8221;Footer&#8221; _builder_version=&#8221;4.10.8&#8243; background_image=&#8221;https:\/\/mimikri.tasam.org\/wp-content\/uploads\/2021\/10\/Tutoring-Service_Footer-copy.png&#8221; background_size=&#8221;contain&#8221; background_position=&#8221;bottom_center&#8221; custom_padding=&#8221;5vw||16vw||false|false&#8221; locked=&#8221;off&#8221; global_colors_info=&#8221;{}&#8221;][et_pb_row custom_padding_last_edited=&#8221;on|tablet&#8221; _builder_version=&#8221;4.10.8&#8243; background_enable_image=&#8221;off&#8221; background_size=&#8221;contain&#8221; custom_padding_tablet=&#8221;10px|40px|10px|40px|true|true&#8221; custom_padding_phone=&#8221;0px|0px|0px|0px|true|true&#8221; global_colors_info=&#8221;{}&#8221;][et_pb_column type=&#8221;4_4&#8243; _builder_version=&#8221;4.0.8&#8243; global_colors_info=&#8221;{}&#8221;][et_pb_text admin_label=&#8221;G\u00f6vde Metin&#8221; _builder_version=&#8221;4.11.4&#8243; text_font=&#8221;PT Sans||||||||&#8221; text_font_size=&#8221;15px&#8221; text_line_height=&#8221;1.9em&#8221; header_2_font=&#8221;Playfair Display|700|||||||&#8221; header_2_text_color=&#8221;#2a3749&#8243; header_2_font_size=&#8221;50px&#8221; header_2_line_height=&#8221;1.3em&#8221; text_orientation=&#8221;justified&#8221; max_width=&#8221;100%&#8221; module_alignment=&#8221;center&#8221; hover_enabled=&#8221;0&#8243; header_2_font_size_tablet=&#8221;32px&#8221; header_2_font_size_phone=&#8221;24px&#8221; header_2_font_size_last_edited=&#8221;on|phone&#8221; global_module=&#8221;29271&#8243; saved_tabs=&#8221;all&#8221; locked=&#8221;off&#8221; global_colors_info=&#8221;{}&#8221; sticky_enabled=&#8221;0&#8243;]<\/p>\n<p><strong>Mimicry Institute<\/strong> aims to make academic contribution to creativity and sustainability aspects of social development policies and to develop national and global proactive interactions and suggestions about biomimicry-based design and strategy development. It also aims to make innovative contribution to enterprises in terms of competition in global markets, growing and shifting or repositioning demand, productivity, cost-effectiveness, profitability, as well as search for new markets and entrepreneurial growth.<\/p>\n<p>The <strong>Institute<\/strong> also aims to make academic contribution towards the discussion of raising awareness on the basis of biomimicry and in the context of improvement of social development, in addressing production\/management needs and problems, in addition to cooperation efforts as part of <strong>Turkey&#8217;s<\/strong> innovative policy shifts, strategic outputs and interaction, and national capacity building. <strong>Mimicry Institute<\/strong>, which is planned to be established within the framework of these considerations, also aims to develop a systematic and proactive approach in order to identify and understand the current and possible high-impact changes in a more effective way.<\/p>\n<p>[\/et_pb_text][et_pb_button button_url=&#8221;@ET-DC@eyJkeW5hbWljIjp0cnVlLCJjb250ZW50IjoiaG9tZV91cmwiLCJzZXR0aW5ncyI6e319@&#8221; button_text=&#8221;Homepage&#8221; button_alignment=&#8221;center&#8221; admin_label=&#8221;G\u00f6vde D\u00fc\u011fme&#8221; _builder_version=&#8221;4.11.4&#8243; _dynamic_attributes=&#8221;button_url&#8221; custom_button=&#8221;on&#8221; button_text_size=&#8221;12px&#8221; button_text_color=&#8221;#ffffff&#8221; button_bg_color=&#8221;#007aff&#8221; button_border_width=&#8221;0px&#8221; button_border_radius=&#8221;100px&#8221; button_letter_spacing=&#8221;2px&#8221; button_font=&#8221;PT Sans|900||on|||||&#8221; button_use_icon=&#8221;off&#8221; custom_margin=&#8221;||40px||false|false&#8221; custom_padding=&#8221;20px|30px|20px|30px|true|true&#8221; box_shadow_style=&#8221;preset3&#8243; box_shadow_blur=&#8221;28px&#8221; box_shadow_spread=&#8221;-10px&#8221; box_shadow_color=&#8221;rgba(0,122,255,0.33)&#8221; global_module=&#8221;29274&#8243; saved_tabs=&#8221;all&#8221; locked=&#8221;off&#8221; global_colors_info=&#8221;{}&#8221; box_shadow_color__hover=&#8221;#2585b2&#8243; box_shadow_blur__hover_enabled=&#8221;off&#8221; box_shadow_blur__hover=&#8221;20px&#8221; box_shadow_vertical__hover_enabled=&#8221;off&#8221; box_shadow_vertical__hover=&#8221;10px&#8221;][\/et_pb_button][\/et_pb_column][\/et_pb_row][\/et_pb_section]<\/p>\n","protected":false},"excerpt":{"rendered":"<p>A Mimicry Institute is established as a first of its kind in our country not only to contribute to relevant national scientific or sectoral innovative efforts at collaborative events and meetings, but also to study and research about huge high-quality added value potential of biomimicry in all areas of life from innovation to recycling, from creativity to sustainability, from design to arts, from &#8230;<\/p>\n","protected":false},"author":1,"featured_media":0,"parent":0,"menu_order":50,"comment_status":"closed","ping_status":"closed","template":"","meta":{"_et_pb_use_builder":"on","_et_pb_old_content":"","_et_gb_content_width":""},"_links":{"self":[{"href":"https:\/\/mimikri.tasam.org\/en\/wp-json\/wp\/v2\/pages\/29309"}],"collection":[{"href":"https:\/\/mimikri.tasam.org\/en\/wp-json\/wp\/v2\/pages"}],"about":[{"href":"https:\/\/mimikri.tasam.org\/en\/wp-json\/wp\/v2\/types\/page"}],"author":[{"embeddable":true,"href":"https:\/\/mimikri.tasam.org\/en\/wp-json\/wp\/v2\/users\/1"}],"replies":[{"embeddable":true,"href":"https:\/\/mimikri.tasam.org\/en\/wp-json\/wp\/v2\/comments?post=29309"}],"version-history":[{"count":2,"href":"https:\/\/mimikri.tasam.org\/en\/wp-json\/wp\/v2\/pages\/29309\/revisions"}],"predecessor-version":[{"id":29450,"href":"https:\/\/mimikri.tasam.org\/en\/wp-json\/wp\/v2\/pages\/29309\/revisions\/29450"}],"wp:attachment":[{"href":"https:\/\/mimikri.tasam.org\/en\/wp-json\/wp\/v2\/media?parent=29309"}],"curies":[{"name":"wp","href":"https:\/\/api.w.org\/{rel}","templated":true}]}}